{"id":12,"date":"2020-06-25T08:11:49","date_gmt":"2020-06-25T08:11:49","guid":{"rendered":"https:\/\/cpmerc.org\/?page_id=12"},"modified":"2023-07-02T00:02:53","modified_gmt":"2023-07-02T00:02:53","slug":"about","status":"publish","type":"page","link":"https:\/\/cpmerc.org\/?page_id=12","title":{"rendered":"Acerca"},"content":{"rendered":"\t\t<div data-elementor-type=\"wp-page\" data-elementor-id=\"12\" class=\"elementor elementor-12\" data-elementor-post-type=\"page\">\n\t\t\t\t\t\t<section class=\"elementor-section elementor-top-section elementor-element elementor-element-c6ed732 elementor-section-stretched elementor-section-full_width elementor-section-height-default elementor-section-height-default\" data-id=\"c6ed732\" data-element_type=\"section\" data-e-type=\"section\" data-settings=\"{&quot;stretch_section&quot;:&quot;section-stretched&quot;,&quot;background_background&quot;:&quot;classic&quot;}\">\n\t\t\t\t\t\t<div class=\"elementor-container elementor-column-gap-no\">\n\t\t\t\t\t<div class=\"elementor-column elementor-col-100 elementor-top-column elementor-element elementor-element-b63b404\" data-id=\"b63b404\" data-element_type=\"column\" data-e-type=\"column\">\n\t\t\t<div class=\"elementor-widget-wrap elementor-element-populated\">\n\t\t\t\t\t\t<div class=\"elementor-element elementor-element-2cf8e6b elementor-widget elementor-widget-text-editor\" data-id=\"2cf8e6b\" data-element_type=\"widget\" data-e-type=\"widget\" data-widget_type=\"text-editor.default\">\n\t\t\t\t<div class=\"elementor-widget-container\">\n\t\t\t\t\t\t\t\t\t<h6 style=\"color: #000;\">ACERCA DE NOSOTROS<\/h6><h1>Somos un experimentado<br \/>grupo de mercad\u00f3logos<\/h1>\t\t\t\t\t\t\t\t<\/div>\n\t\t\t\t<\/div>\n\t\t\t\t<div class=\"elementor-element elementor-element-7968ef4 elementor-widget elementor-widget-image\" data-id=\"7968ef4\" data-element_type=\"widget\" data-e-type=\"widget\" data-widget_type=\"image.default\">\n\t\t\t\t<div class=\"elementor-widget-container\">\n\t\t\t\t\t\t\t\t\t\t\t\t\t\t\t<img fetchpriority=\"high\" decoding=\"async\" width=\"1920\" height=\"698\" src=\"https:\/\/cpmerc.org\/wp-content\/uploads\/2020\/06\/biz3-home-bottom-section.png\" class=\"attachment-full size-full wp-image-26\" alt=\"\" srcset=\"https:\/\/cpmerc.org\/wp-content\/uploads\/2020\/06\/biz3-home-bottom-section.png 1920w, https:\/\/cpmerc.org\/wp-content\/uploads\/2020\/06\/biz3-home-bottom-section-500x182.png 500w, https:\/\/cpmerc.org\/wp-content\/uploads\/2020\/06\/biz3-home-bottom-section-1200x436.png 1200w, https:\/\/cpmerc.org\/wp-content\/uploads\/2020\/06\/biz3-home-bottom-section-300x109.png 300w, https:\/\/cpmerc.org\/wp-content\/uploads\/2020\/06\/biz3-home-bottom-section-768x279.png 768w, https:\/\/cpmerc.org\/wp-content\/uploads\/2020\/06\/biz3-home-bottom-section-1536x558.png 1536w, https:\/\/cpmerc.org\/wp-content\/uploads\/2020\/06\/biz3-home-bottom-section-150x55.png 150w, https:\/\/cpmerc.org\/wp-content\/uploads\/2020\/06\/biz3-home-bottom-section-480x175.png 480w\" sizes=\"(max-width:767px) 480px, (max-width:1920px) 100vw, 1920px\" \/>\t\t\t\t\t\t\t\t\t\t\t\t\t\t\t<\/div>\n\t\t\t\t<\/div>\n\t\t\t\t\t<\/div>\n\t\t<\/div>\n\t\t\t\t\t<\/div>\n\t\t<\/section>\n\t\t\t\t<section class=\"elementor-section elementor-top-section elementor-element elementor-element-a627965 elementor-section-stretched elementor-section-boxed elementor-section-height-default elementor-section-height-default\" data-id=\"a627965\" data-element_type=\"section\" data-e-type=\"section\" data-settings=\"{&quot;stretch_section&quot;:&quot;section-stretched&quot;}\">\n\t\t\t\t\t\t<div class=\"elementor-container elementor-column-gap-wider\">\n\t\t\t\t\t<div class=\"elementor-column elementor-col-100 elementor-top-column elementor-element elementor-element-d55f957\" data-id=\"d55f957\" data-element_type=\"column\" data-e-type=\"column\">\n\t\t\t<div class=\"elementor-widget-wrap elementor-element-populated\">\n\t\t\t\t\t\t<div class=\"elementor-element elementor-element-843a825 elementor-widget elementor-widget-text-editor\" data-id=\"843a825\" data-element_type=\"widget\" data-e-type=\"widget\" data-widget_type=\"text-editor.default\">\n\t\t\t\t<div class=\"elementor-widget-container\">\n\t\t\t\t\t\t\t\t\t<h6>\u00bfQU\u00c9 OFRECEMOS?<\/h6><h1>Checa lo que podemos hacer por ti,<br \/>tu organizaci\u00f3n o tu negocio.<\/h1>\t\t\t\t\t\t\t\t<\/div>\n\t\t\t\t<\/div>\n\t\t\t\t<div class=\"elementor-element elementor-element-cf8dbe5 elementor-widget elementor-widget-spacer\" data-id=\"cf8dbe5\" data-element_type=\"widget\" data-e-type=\"widget\" data-widget_type=\"spacer.default\">\n\t\t\t\t<div class=\"elementor-widget-container\">\n\t\t\t\t\t\t\t<div class=\"elementor-spacer\">\n\t\t\t<div class=\"elementor-spacer-inner\"><\/div>\n\t\t<\/div>\n\t\t\t\t\t\t<\/div>\n\t\t\t\t<\/div>\n\t\t\t\t<section class=\"elementor-section elementor-inner-section elementor-element elementor-element-291c0fa elementor-section-boxed elementor-section-height-default elementor-section-height-default\" data-id=\"291c0fa\" data-element_type=\"section\" data-e-type=\"section\">\n\t\t\t\t\t\t<div class=\"elementor-container elementor-column-gap-default\">\n\t\t\t\t\t<div class=\"elementor-column elementor-col-50 elementor-inner-column elementor-element elementor-element-fed4f0a\" data-id=\"fed4f0a\" data-element_type=\"column\" data-e-type=\"column\">\n\t\t\t<div class=\"elementor-widget-wrap elementor-element-populated\">\n\t\t\t\t\t\t<div class=\"elementor-element elementor-element-22bd795 elementor-widget elementor-widget-text-editor\" data-id=\"22bd795\" data-element_type=\"widget\" data-e-type=\"widget\" data-widget_type=\"text-editor.default\">\n\t\t\t\t<div class=\"elementor-widget-container\">\n\t\t\t\t\t\t\t\t\t<h4>Instituciones Educativas<\/h4><p>Dentro de nuestras filas se encuentran destacados miembros de la academia, premiados y reconocidos nacional e internacionalmente, expertos en el desarrollo de programas de estudios y cursos de capacitaci\u00f3n.<\/p><p>A trav\u00e9s de distintas alianzas estrat\u00e9gicas podemos ayudar a las instituciones educativas a actualizar sus planes de estudio, procurando cumplir con los est\u00e1ndares internacionales y contando con los temas de vanguardia que satisfacer\u00e1n las necesidades del mercado laboral, pero adem\u00e1s proporcionar\u00e1n a sus educandos las herramientas para un futuro en constante cambio. Contamos con la experiencia necesaria para no solo traer las tendencias al aula, sino ir un paso m\u00e1s all\u00e1 e innovar la forma de educar.<\/p>\t\t\t\t\t\t\t\t<\/div>\n\t\t\t\t<\/div>\n\t\t\t\t\t<\/div>\n\t\t<\/div>\n\t\t\t\t<div class=\"elementor-column elementor-col-50 elementor-inner-column elementor-element elementor-element-7666d54\" data-id=\"7666d54\" data-element_type=\"column\" data-e-type=\"column\">\n\t\t\t<div class=\"elementor-widget-wrap elementor-element-populated\">\n\t\t\t\t\t\t<div class=\"elementor-element elementor-element-8cb8454 elementor-widget elementor-widget-text-editor\" data-id=\"8cb8454\" data-element_type=\"widget\" data-e-type=\"widget\" data-widget_type=\"text-editor.default\">\n\t\t\t\t<div class=\"elementor-widget-container\">\n\t\t\t\t\t\t\t\t\t<h4>Iniciativa Privada y Organizaciones Gubernamentales<\/h4><p>Para la iniciativa privada, as\u00ed como para instituciones gubernamentales, hemos desarrollado una serie de cursos, capacitaciones, seminarios y diplomados que les ayudar\u00e1n a mejorar las habilidad de su personal lo cual les volver\u00e1 m\u00e1s competitivos.<\/p><p>Tenemos una serie de programas de capacitaci\u00f3n integrales, in situ y a distancia que cumplen con todos los est\u00e1ndares laborales y profesionales. Ponemos a su disposici\u00f3n talleres de liderazgo, atenci\u00f3n a clientes, pensamiento cr\u00edtico, soluci\u00f3n de conflictos, entre muchos otros, que sin lugar a duda les permitir\u00e1 integrar equipos de trabajo sumamente productivos.<\/p>\t\t\t\t\t\t\t\t<\/div>\n\t\t\t\t<\/div>\n\t\t\t\t\t<\/div>\n\t\t<\/div>\n\t\t\t\t\t<\/div>\n\t\t<\/section>\n\t\t\t\t\t<\/div>\n\t\t<\/div>\n\t\t\t\t\t<\/div>\n\t\t<\/section>\n\t\t\t\t<section class=\"elementor-section elementor-top-section elementor-element elementor-element-8f7d6ea elementor-section-stretched elementor-section-boxed elementor-section-height-default elementor-section-height-default\" data-id=\"8f7d6ea\" data-element_type=\"section\" data-e-type=\"section\" data-settings=\"{&quot;stretch_section&quot;:&quot;section-stretched&quot;}\">\n\t\t\t\t\t\t<div class=\"elementor-container elementor-column-gap-wider\">\n\t\t\t\t\t<div class=\"elementor-column elementor-col-100 elementor-top-column elementor-element elementor-element-42bbc9b\" data-id=\"42bbc9b\" data-element_type=\"column\" data-e-type=\"column\">\n\t\t\t<div class=\"elementor-widget-wrap elementor-element-populated\">\n\t\t\t\t\t\t<div class=\"elementor-element elementor-element-4dc8950 elementor-widget elementor-widget-image\" data-id=\"4dc8950\" data-element_type=\"widget\" data-e-type=\"widget\" data-widget_type=\"image.default\">\n\t\t\t\t<div class=\"elementor-widget-container\">\n\t\t\t\t\t\t\t\t\t\t\t\t\t\t\t<img decoding=\"async\" width=\"73\" height=\"59\" src=\"https:\/\/cpmerc.org\/wp-content\/uploads\/2020\/06\/biz3-quotes.png\" class=\"attachment-large size-large wp-image-39\" alt=\"\" \/>\t\t\t\t\t\t\t\t\t\t\t\t\t\t\t<\/div>\n\t\t\t\t<\/div>\n\t\t\t\t<div class=\"elementor-element elementor-element-adff754 elementor-widget elementor-widget-mfn_testimonials\" data-id=\"adff754\" data-element_type=\"widget\" data-e-type=\"widget\" data-widget_type=\"mfn_testimonials.default\">\n\t\t\t\t<div class=\"elementor-widget-container\">\n\t\t\t\t\t<div class=\"testimonials_slider single-photo hide-photos\"><ul class=\"testimonials_slider_ul\"><li class=\"testimonials_slider_li\"><div class=\"single-photo-img\"><img decoding=\"async\" class=\"scale-with-grid\" src=\"https:\/\/cpmerc.org\/wp-content\/themes\/betheme\/images\/testimonials-placeholder.png\" alt=\"C\u00e9sar Enr\u00edquez Mor\u00e1n\" \/><\/div><div class=\"bq_wrapper\"><div class=\"blockquote\"><span class=\"mfn-blockquote-icon\"><i class=\"icon-quote\" aria-hidden=\"true\"><\/i><\/span><blockquote><h5 style=\"font-weight: 500;\">CPMERC y GMA han sido socios comerciales por m\u00e1s de 4 a\u00f1os, durante ese tiempo hemos trabajado en diversos proyectos en el sureste de M\u00e9xico para instituciones educativas, privadas y gubernamentales.<\/h5><\/blockquote><\/div><\/div><div class=\"hr_dots\"><span><\/span><span><\/span><span><\/span><\/div><div class=\"author\"><h5 class=\"title \">C\u00e9sar Enr\u00edquez Mor\u00e1n<\/h5><span class=\"company\">CEO - Global Marketing Association <\/span><\/div><\/li><li class=\"testimonials_slider_li\"><div class=\"single-photo-img\"><img decoding=\"async\" class=\"scale-with-grid\" src=\"https:\/\/cpmerc.org\/wp-content\/themes\/betheme\/images\/testimonials-placeholder.png\" alt=\"Jos\u00e9 David Portales\" \/><\/div><div class=\"bq_wrapper\"><div class=\"blockquote\"><span class=\"mfn-blockquote-icon\"><i class=\"icon-quote\" aria-hidden=\"true\"><\/i><\/span><blockquote><h5 style=\"font-weight: 500;\">CPMERC ha sido un gran aliado de Aplicaciones Creativas, nos ha ayudado consiguiendo talento y capacitando a nuestros colaboradores, as\u00ed como realizando estrategias de marketing para nuestros productos.<\/h5><\/blockquote><\/div><\/div><div class=\"hr_dots\"><span><\/span><span><\/span><span><\/span><\/div><div class=\"author\"><h5 class=\"title \">Jos\u00e9 David Portales<\/h5><span class=\"company\">CEO - Aplicaciones Creativas<\/span><\/div><\/li><li class=\"testimonials_slider_li\"><div class=\"single-photo-img\"><img decoding=\"async\" class=\"scale-with-grid\" src=\"https:\/\/cpmerc.org\/wp-content\/themes\/betheme\/images\/testimonials-placeholder.png\" alt=\"Fidel Ulin Montejo\" \/><\/div><div class=\"bq_wrapper\"><div class=\"blockquote\"><span class=\"mfn-blockquote-icon\"><i class=\"icon-quote\" aria-hidden=\"true\"><\/i><\/span><blockquote><h5 style=\"font-weight: 500;\">Contar con los servicios y colaboraci\u00f3n del CPMERC ha sido de mucho beneficio para DATAMETRIKA, CPMERC nos ha brindado apoyo en distintos estudios de mercado y capacitaci\u00f3n para nuestros colaboradores.<\/h5><\/blockquote><\/div><\/div><div class=\"hr_dots\"><span><\/span><span><\/span><span><\/span><\/div><div class=\"author\"><h5 class=\"title \"><a target=\"_blank\" href=\"https:\/\/www.datametrika.com\/\">Fidel Ulin Montejo<\/a><\/h5><span class=\"company\">CEO - DATAMETRIKA<\/span><\/div><\/li><\/ul><div class=\"slider_pager slider_pagination\"><\/div><\/div>\n\t\t\t\t<\/div>\n\t\t\t\t<\/div>\n\t\t\t\t\t<\/div>\n\t\t<\/div>\n\t\t\t\t\t<\/div>\n\t\t<\/section>\n\t\t\t\t<section class=\"elementor-section elementor-top-section elementor-element elementor-element-0de8d98 elementor-section-stretched elementor-section-boxed elementor-section-height-default elementor-section-height-default\" data-id=\"0de8d98\" data-element_type=\"section\" data-e-type=\"section\" data-settings=\"{&quot;stretch_section&quot;:&quot;section-stretched&quot;,&quot;background_background&quot;:&quot;classic&quot;}\">\n\t\t\t\t\t\t<div class=\"elementor-container elementor-column-gap-wider\">\n\t\t\t\t\t<div class=\"elementor-column elementor-col-100 elementor-top-column elementor-element elementor-element-f9c01d2\" data-id=\"f9c01d2\" data-element_type=\"column\" data-e-type=\"column\">\n\t\t\t<div class=\"elementor-widget-wrap elementor-element-populated\">\n\t\t\t\t\t\t<div class=\"elementor-element elementor-element-14fa65c elementor-widget elementor-widget-text-editor\" data-id=\"14fa65c\" data-element_type=\"widget\" data-e-type=\"widget\" data-widget_type=\"text-editor.default\">\n\t\t\t\t<div class=\"elementor-widget-container\">\n\t\t\t\t\t\t\t\t\t<h2>\u00bfPor qu\u00e9 escogernos?<\/h2><p>Somos especialistas en la materia, nuestros socios cuentan con experiencia docente comprobable, <br \/>adem\u00e1s la gran mayor\u00eda de nuestros socios tambi\u00e9n se desempe\u00f1an profesionalmente en el marketing.<\/p>\t\t\t\t\t\t\t\t<\/div>\n\t\t\t\t<\/div>\n\t\t\t\t\t<\/div>\n\t\t<\/div>\n\t\t\t\t\t<\/div>\n\t\t<\/section>\n\t\t\t\t<section class=\"elementor-section elementor-top-section elementor-element elementor-element-1d843ea elementor-section-stretched elementor-section-boxed elementor-section-height-default elementor-section-height-default\" data-id=\"1d843ea\" data-element_type=\"section\" data-e-type=\"section\" data-settings=\"{&quot;stretch_section&quot;:&quot;section-stretched&quot;,&quot;background_background&quot;:&quot;classic&quot;}\">\n\t\t\t\t\t\t<div class=\"elementor-container elementor-column-gap-wider\">\n\t\t\t\t\t<div class=\"elementor-column elementor-col-25 elementor-top-column elementor-element elementor-element-b0f6f3d\" data-id=\"b0f6f3d\" data-element_type=\"column\" data-e-type=\"column\" data-settings=\"{&quot;background_background&quot;:&quot;classic&quot;}\">\n\t\t\t<div class=\"elementor-widget-wrap elementor-element-populated\">\n\t\t\t\t\t\t<div class=\"elementor-element elementor-element-5ed90de elementor-widget elementor-widget-image\" data-id=\"5ed90de\" data-element_type=\"widget\" data-e-type=\"widget\" data-widget_type=\"image.default\">\n\t\t\t\t<div class=\"elementor-widget-container\">\n\t\t\t\t\t\t\t\t\t\t\t\t\t\t\t<img decoding=\"async\" width=\"87\" height=\"88\" src=\"https:\/\/cpmerc.org\/wp-content\/uploads\/2020\/06\/biz3-home-icon1.png\" class=\"attachment-large size-large wp-image-35\" alt=\"\" srcset=\"https:\/\/cpmerc.org\/wp-content\/uploads\/2020\/06\/biz3-home-icon1.png 87w, https:\/\/cpmerc.org\/wp-content\/uploads\/2020\/06\/biz3-home-icon1-74x75.png 74w\" sizes=\"(max-width:767px) 87px, 87px\" \/>\t\t\t\t\t\t\t\t\t\t\t\t\t\t\t<\/div>\n\t\t\t\t<\/div>\n\t\t\t\t<div class=\"elementor-element elementor-element-f91f362 elementor-widget elementor-widget-text-editor\" data-id=\"f91f362\" data-element_type=\"widget\" data-e-type=\"widget\" data-widget_type=\"text-editor.default\">\n\t\t\t\t<div class=\"elementor-widget-container\">\n\t\t\t\t\t\t\t\t\t<h4>Experiencia Comprobable<\/h4><p>Nuestros socios tienen m\u00e1s de 20 a\u00f1os de experiencia comprobable en distintas \u00e1reas de la mercadotecnia.<\/p>\t\t\t\t\t\t\t\t<\/div>\n\t\t\t\t<\/div>\n\t\t\t\t\t<\/div>\n\t\t<\/div>\n\t\t\t\t<div class=\"elementor-column elementor-col-25 elementor-top-column elementor-element elementor-element-ca6122d\" data-id=\"ca6122d\" data-element_type=\"column\" data-e-type=\"column\" data-settings=\"{&quot;background_background&quot;:&quot;classic&quot;}\">\n\t\t\t<div class=\"elementor-widget-wrap elementor-element-populated\">\n\t\t\t\t\t\t<div class=\"elementor-element elementor-element-5e9a02d elementor-widget elementor-widget-image\" data-id=\"5e9a02d\" data-element_type=\"widget\" data-e-type=\"widget\" data-widget_type=\"image.default\">\n\t\t\t\t<div class=\"elementor-widget-container\">\n\t\t\t\t\t\t\t\t\t\t\t\t\t\t\t<img loading=\"lazy\" decoding=\"async\" width=\"87\" height=\"88\" src=\"https:\/\/cpmerc.org\/wp-content\/uploads\/2020\/06\/biz3-home-icon2.png\" class=\"attachment-large size-large wp-image-36\" alt=\"\" srcset=\"https:\/\/cpmerc.org\/wp-content\/uploads\/2020\/06\/biz3-home-icon2.png 87w, https:\/\/cpmerc.org\/wp-content\/uploads\/2020\/06\/biz3-home-icon2-74x75.png 74w\" sizes=\"(max-width:767px) 87px, 87px\" \/>\t\t\t\t\t\t\t\t\t\t\t\t\t\t\t<\/div>\n\t\t\t\t<\/div>\n\t\t\t\t<div class=\"elementor-element elementor-element-6893b5f elementor-widget elementor-widget-text-editor\" data-id=\"6893b5f\" data-element_type=\"widget\" data-e-type=\"widget\" data-widget_type=\"text-editor.default\">\n\t\t\t\t<div class=\"elementor-widget-container\">\n\t\t\t\t\t\t\t\t\t<h4>Expertos Multidisciplinares<\/h4><p>Los miembros de CPMERC se han desempe\u00f1ado tanto en la academia como en el sector productivo y gubernamental.<\/p>\t\t\t\t\t\t\t\t<\/div>\n\t\t\t\t<\/div>\n\t\t\t\t\t<\/div>\n\t\t<\/div>\n\t\t\t\t<div class=\"elementor-column elementor-col-25 elementor-top-column elementor-element elementor-element-d28585c\" data-id=\"d28585c\" data-element_type=\"column\" data-e-type=\"column\" data-settings=\"{&quot;background_background&quot;:&quot;classic&quot;}\">\n\t\t\t<div class=\"elementor-widget-wrap elementor-element-populated\">\n\t\t\t\t\t\t<div class=\"elementor-element elementor-element-9932684 elementor-widget elementor-widget-image\" data-id=\"9932684\" data-element_type=\"widget\" data-e-type=\"widget\" data-widget_type=\"image.default\">\n\t\t\t\t<div class=\"elementor-widget-container\">\n\t\t\t\t\t\t\t\t\t\t\t\t\t\t\t<img loading=\"lazy\" decoding=\"async\" width=\"87\" height=\"88\" src=\"https:\/\/cpmerc.org\/wp-content\/uploads\/2020\/06\/biz3-home-icon3.png\" class=\"attachment-large size-large wp-image-37\" alt=\"\" srcset=\"https:\/\/cpmerc.org\/wp-content\/uploads\/2020\/06\/biz3-home-icon3.png 87w, https:\/\/cpmerc.org\/wp-content\/uploads\/2020\/06\/biz3-home-icon3-74x75.png 74w\" sizes=\"(max-width:767px) 87px, 87px\" \/>\t\t\t\t\t\t\t\t\t\t\t\t\t\t\t<\/div>\n\t\t\t\t<\/div>\n\t\t\t\t<div class=\"elementor-element elementor-element-f7c2f57 elementor-widget elementor-widget-text-editor\" data-id=\"f7c2f57\" data-element_type=\"widget\" data-e-type=\"widget\" data-widget_type=\"text-editor.default\">\n\t\t\t\t<div class=\"elementor-widget-container\">\n\t\t\t\t\t\t\t\t\t<h4>Capacitaci\u00f3n Virtual o In situ<\/h4><p>Todos nuestros socios est\u00e1n capacitados para dar cursos online o in situ, por cual ponemos a tu disposici\u00f3n ambas posibilidades.<\/p>\t\t\t\t\t\t\t\t<\/div>\n\t\t\t\t<\/div>\n\t\t\t\t\t<\/div>\n\t\t<\/div>\n\t\t\t\t<div class=\"elementor-column elementor-col-25 elementor-top-column elementor-element elementor-element-4501925\" data-id=\"4501925\" data-element_type=\"column\" data-e-type=\"column\" data-settings=\"{&quot;background_background&quot;:&quot;classic&quot;}\">\n\t\t\t<div class=\"elementor-widget-wrap elementor-element-populated\">\n\t\t\t\t\t\t<div class=\"elementor-element elementor-element-d1c51ec elementor-widget elementor-widget-image\" data-id=\"d1c51ec\" data-element_type=\"widget\" data-e-type=\"widget\" data-widget_type=\"image.default\">\n\t\t\t\t<div class=\"elementor-widget-container\">\n\t\t\t\t\t\t\t\t\t\t\t\t\t\t\t<img loading=\"lazy\" decoding=\"async\" width=\"87\" height=\"88\" src=\"https:\/\/cpmerc.org\/wp-content\/uploads\/2020\/06\/biz3-home-icon4.png\" class=\"attachment-large size-large wp-image-34\" alt=\"\" srcset=\"https:\/\/cpmerc.org\/wp-content\/uploads\/2020\/06\/biz3-home-icon4.png 87w, https:\/\/cpmerc.org\/wp-content\/uploads\/2020\/06\/biz3-home-icon4-74x75.png 74w\" sizes=\"(max-width:767px) 87px, 87px\" \/>\t\t\t\t\t\t\t\t\t\t\t\t\t\t\t<\/div>\n\t\t\t\t<\/div>\n\t\t\t\t<div class=\"elementor-element elementor-element-be47cc5 elementor-widget elementor-widget-text-editor\" data-id=\"be47cc5\" data-element_type=\"widget\" data-e-type=\"widget\" data-widget_type=\"text-editor.default\">\n\t\t\t\t<div class=\"elementor-widget-container\">\n\t\t\t\t\t\t\t\t\t<h4>Alianzas Estrat\u00e9gicas<\/h4>\n<p>Contamos con alianzas estrat\u00e9gicas con diversas insitituciones p\u00fablicas y privadas para diversificar los beneficios de nuestros socios.<\/p>\t\t\t\t\t\t\t\t<\/div>\n\t\t\t\t<\/div>\n\t\t\t\t\t<\/div>\n\t\t<\/div>\n\t\t\t\t\t<\/div>\n\t\t<\/section>\n\t\t\t\t<section class=\"elementor-section elementor-top-section elementor-element elementor-element-fc1b6ca elementor-section-stretched elementor-section-content-middle elementor-section-boxed elementor-section-height-default elementor-section-height-default\" data-id=\"fc1b6ca\" data-element_type=\"section\" data-e-type=\"section\" data-settings=\"{&quot;stretch_section&quot;:&quot;section-stretched&quot;}\">\n\t\t\t\t\t\t<div class=\"elementor-container elementor-column-gap-no\">\n\t\t\t\t\t<div class=\"elementor-column elementor-col-33 elementor-top-column elementor-element elementor-element-d456132\" data-id=\"d456132\" data-element_type=\"column\" data-e-type=\"column\">\n\t\t\t<div class=\"elementor-widget-wrap elementor-element-populated\">\n\t\t\t\t\t\t<div class=\"elementor-element elementor-element-ca7e4fc elementor-widget elementor-widget-text-editor\" data-id=\"ca7e4fc\" data-element_type=\"widget\" data-e-type=\"widget\" data-widget_type=\"text-editor.default\">\n\t\t\t\t<div class=\"elementor-widget-container\">\n\t\t\t\t\t\t\t\t\t<h3>Nuestras redes sociales<\/h3>\t\t\t\t\t\t\t\t<\/div>\n\t\t\t\t<\/div>\n\t\t\t\t\t<\/div>\n\t\t<\/div>\n\t\t\t\t<div class=\"elementor-column elementor-col-33 elementor-top-column elementor-element elementor-element-ed927de\" data-id=\"ed927de\" data-element_type=\"column\" data-e-type=\"column\">\n\t\t\t<div class=\"elementor-widget-wrap elementor-element-populated\">\n\t\t\t\t\t\t<div class=\"elementor-element elementor-element-fdbb9fb elementor-widget elementor-widget-text-editor\" data-id=\"fdbb9fb\" data-element_type=\"widget\" data-e-type=\"widget\" data-widget_type=\"text-editor.default\">\n\t\t\t\t<div class=\"elementor-widget-container\">\n\t\t\t\t\t\t\t\t\t<p>S\u00edguenos en nuestras redes sociales y no te pierdas de todo lo que tenemos para ti. Noticias, cursos, actualizaciones y todo lo relacionado al mundo de la mercadotecnia<\/p>\t\t\t\t\t\t\t\t<\/div>\n\t\t\t\t<\/div>\n\t\t\t\t\t<\/div>\n\t\t<\/div>\n\t\t\t\t<div class=\"elementor-column elementor-col-33 elementor-top-column elementor-element elementor-element-e6abd7e\" data-id=\"e6abd7e\" data-element_type=\"column\" data-e-type=\"column\">\n\t\t\t<div class=\"elementor-widget-wrap elementor-element-populated\">\n\t\t\t\t\t\t<div class=\"elementor-element elementor-element-727786d elementor-shape-circle elementor-grid-0 e-grid-align-center elementor-widget elementor-widget-social-icons\" data-id=\"727786d\" data-element_type=\"widget\" data-e-type=\"widget\" data-widget_type=\"social-icons.default\">\n\t\t\t\t<div class=\"elementor-widget-container\">\n\t\t\t\t\t\t\t<div class=\"elementor-social-icons-wrapper elementor-grid\" role=\"list\">\n\t\t\t\t\t\t\t<span class=\"elementor-grid-item\" role=\"listitem\">\n\t\t\t\t\t<a class=\"elementor-icon elementor-social-icon elementor-social-icon-facebook elementor-repeater-item-0764ceb\" href=\"https:\/\/www.facebook.com\/CPMERC\/\" target=\"_blank\">\n\t\t\t\t\t\t<span class=\"elementor-screen-only\">Facebook<\/span>\n\t\t\t\t\t\t<i aria-hidden=\"true\" class=\"fab fa-facebook\"><\/i>\t\t\t\t\t<\/a>\n\t\t\t\t<\/span>\n\t\t\t\t\t\t\t<span class=\"elementor-grid-item\" role=\"listitem\">\n\t\t\t\t\t<a class=\"elementor-icon elementor-social-icon elementor-social-icon-twitter elementor-repeater-item-e25aea5\" href=\"https:\/\/www.twitter.com\/cpmerc_\/\" target=\"_blank\">\n\t\t\t\t\t\t<span class=\"elementor-screen-only\">Twitter<\/span>\n\t\t\t\t\t\t<i aria-hidden=\"true\" class=\"fab fa-twitter\"><\/i>\t\t\t\t\t<\/a>\n\t\t\t\t<\/span>\n\t\t\t\t\t\t\t<span class=\"elementor-grid-item\" role=\"listitem\">\n\t\t\t\t\t<a class=\"elementor-icon elementor-social-icon elementor-social-icon-instagram elementor-repeater-item-332509a\" href=\"https:\/\/www.instagram.com\/CPMERC_\" target=\"_blank\">\n\t\t\t\t\t\t<span class=\"elementor-screen-only\">Instagram<\/span>\n\t\t\t\t\t\t<i aria-hidden=\"true\" class=\"fab fa-instagram\"><\/i>\t\t\t\t\t<\/a>\n\t\t\t\t<\/span>\n\t\t\t\t\t<\/div>\n\t\t\t\t\t\t<\/div>\n\t\t\t\t<\/div>\n\t\t\t\t\t<\/div>\n\t\t<\/div>\n\t\t\t\t\t<\/div>\n\t\t<\/section>\n\t\t\t\t<\/div>\n\t\t","protected":false},"excerpt":{"rendered":"<p>ACERCA DE NOSOTROS Somos un experimentado grupo de mercad\u00f3logos \u00bfQU\u00c9 OFRECEMOS? Checa lo que podemos hacer por ti, tu organizaci\u00f3n o tu negocio. Instituciones Educativas Dentro<span class=\"excerpt-hellip\"> [\u2026]<\/span><\/p>\n","protected":false},"author":1,"featured_media":0,"parent":0,"menu_order":0,"comment_status":"open","ping_status":"closed","template":"","meta":{"footnotes":""},"class_list":["post-12","page","type-page","status-publish","hentry"],"_links":{"self":[{"href":"https:\/\/cpmerc.org\/index.php?rest_route=\/wp\/v2\/pages\/12","targetHints":{"allow":["GET"]}}],"collection":[{"href":"https:\/\/cpmerc.org\/index.php?rest_route=\/wp\/v2\/pages"}],"about":[{"href":"https:\/\/cpmerc.org\/index.php?rest_route=\/wp\/v2\/types\/page"}],"author":[{"embeddable":true,"href":"https:\/\/cpmerc.org\/index.php?rest_route=\/wp\/v2\/users\/1"}],"replies":[{"embeddable":true,"href":"https:\/\/cpmerc.org\/index.php?rest_route=%2Fwp%2Fv2%2Fcomments&post=12"}],"version-history":[{"count":7,"href":"https:\/\/cpmerc.org\/index.php?rest_route=\/wp\/v2\/pages\/12\/revisions"}],"predecessor-version":[{"id":155,"href":"https:\/\/cpmerc.org\/index.php?rest_route=\/wp\/v2\/pages\/12\/revisions\/155"}],"wp:attachment":[{"href":"https:\/\/cpmerc.org\/index.php?rest_route=%2Fwp%2Fv2%2Fmedia&parent=12"}],"curies":[{"name":"wp","href":"https:\/\/api.w.org\/{rel}","templated":true}]}}